{"id":217,"date":"2025-01-20T16:07:32","date_gmt":"2025-01-20T16:07:32","guid":{"rendered":"http:\/\/xn--conversacionenespaolonline-yrc.es\/?page_id=217"},"modified":"2025-01-20T17:15:24","modified_gmt":"2025-01-20T17:15:24","slug":"reserva-tu-clase-de-prueba","status":"publish","type":"page","link":"https:\/\/xn--conversacionenespaolonline-yrc.es\/en\/reserva-tu-clase-de-prueba","title":{"rendered":"Book your trial class"},"content":{"rendered":"<p>[et_pb_section fb_built=\u00bb1&#8243; custom_padding_last_edited=\u00bbon|desktop\u00bb admin_label=\u00bbHeader\u00bb _builder_version=\u00bb4.16&#8243; background_image=\u00bbhttps:\/\/xn--conversacionenespaolonline-yrc.es\/wp-content\/uploads\/2023\/11\/language-school-07.png\u00bb background_size=\u00bbcontain\u00bb background_position=\u00bbtop_right\u00bb custom_padding=\u00bb110px||||false|false\u00bb custom_padding_tablet=\u00bb140px|0px|50px|0px|false|false\u00bb custom_padding_phone=\u00bb120px|||\u00bb global_colors_info=\u00bb{}\u00bb][et_pb_row column_structure=\u00bb1_2,1_2&#8243; _builder_version=\u00bb4.16&#8243; max_width=\u00bb1280px\u00bb use_custom_width=\u00bbon\u00bb custom_width_px=\u00bb1280px\u00bb global_colors_info=\u00bb{}\u00bb][et_pb_column type=\u00bb1_2&#8243; _builder_version=\u00bb4.16&#8243; custom_padding=\u00bb|||\u00bb global_colors_info=\u00bb{}\u00bb custom_padding__hover=\u00bb|||\u00bb][et_pb_text _builder_version=\u00bb4.27.0&#8243; text_font=\u00bb||||||||\u00bb text_font_size=\u00bb18px\u00bb text_line_height=\u00bb2em\u00bb header_font=\u00bbEB Garamond||||||||\u00bb header_font_size=\u00bb60px\u00bb header_line_height=\u00bb1.3em\u00bb header_2_font=\u00bbEB Garamond||||||||\u00bb header_2_font_size=\u00bb50px\u00bb header_2_line_height=\u00bb1.5em\u00bb max_width=\u00bb600px\u00bb text_font_size_tablet=\u00bb\u00bb text_font_size_phone=\u00bb15px\u00bb text_font_size_last_edited=\u00bbon|phone\u00bb text_line_height_tablet=\u00bb\u00bb text_line_height_phone=\u00bb1.6em\u00bb text_line_height_last_edited=\u00bbon|phone\u00bb header_font_size_tablet=\u00bb50px\u00bb header_font_size_phone=\u00bb32px\u00bb header_font_size_last_edited=\u00bbon|phone\u00bb global_colors_info=\u00bb{}\u00bb]<\/p>\n<h2>\u00bfPor qu\u00e9 elegirnos?<\/h2>\n<p>Hemos creado <strong>clases de espa\u00f1ol online<\/strong> que se adaptan a tu ritmo de vida, sin dramas ni dolores de cabeza. Ya sea que est\u00e9s en pijama en casa, tomando caf\u00e9 en una terraza o escondi\u00e9ndote de tus responsabilidades, <strong>nuestro programa \u201cAprende desde Casa\u201d<\/strong> est\u00e1 aqu\u00ed para ti.<\/p>\n<p>Con nosotros, aprender\u00e1s espa\u00f1ol de una manera <strong>f\u00e1cil, pr\u00e1ctica y con un toque de diversi\u00f3n<\/strong>, porque sabemos que la mejor manera de aprender es con una sonrisa (y quiz\u00e1s con una taza de caf\u00e9 \u2615).<\/p>\n<p><strong>\u00bfLo mejor?<\/strong><\/p>\n<ul>\n<li><strong>\u00a1Sin horarios r\u00edgidos!<\/strong> Aprende a tu ritmo.<\/li>\n<li><strong>Profesores geniales.<\/strong> S\u00ed, son humanos, amables y con paciencia infinita.<\/li>\n<li><strong>Desde cualquier lugar.<\/strong> No importa si est\u00e1s en la playa, en la oficina (disimulando) o en tu sof\u00e1 favorito.<\/li>\n<\/ul>\n<p>As\u00ed que, \u00bfqu\u00e9 esperas? <strong>Dale el s\u00ed al espa\u00f1ol<\/strong>, empieza hoy mismo y sorprende a todos con tu nuevo talento (incluyendo a tu mascota, que pronto entender\u00e1 tus \u00f3rdenes en otro idioma).<\/p>\n<p><strong>\u00a1Inscr\u00edbete ahora y descubre que aprender espa\u00f1ol puede ser tu pr\u00f3xima gran aventura!<\/strong><\/p>\n<p>[\/et_pb_text][et_pb_button button_url=\u00bbhttps:\/\/wa.me\/message\/2MU6FR6GQTTML1&#8243; url_new_window=\u00bbon\u00bb button_text=\u00bbRESERVAR CLASE DE PRUEBA\u00bb _builder_version=\u00bb4.23&#8243; custom_button=\u00bbon\u00bb button_text_size=\u00bb16px\u00bb button_text_color=\u00bb#ffffff\u00bb button_bg_color=\u00bb#ff4d54&#8243; button_border_width=\u00bb0px\u00bb button_border_radius=\u00bb100px\u00bb button_letter_spacing=\u00bb1px\u00bb button_font=\u00bb|700||on|||||\u00bb custom_padding=\u00bb14px|34px|14px|34px|true|true\u00bb animation_style=\u00bbzoom\u00bb box_shadow_style=\u00bbpreset1&#8243; box_shadow_vertical=\u00bb10px\u00bb box_shadow_blur=\u00bb30px\u00bb box_shadow_color=\u00bbrgba(255,77,84,0.24)\u00bb button_letter_spacing_hover=\u00bb1px\u00bb global_colors_info=\u00bb{}\u00bb button_text_size__hover_enabled=\u00bboff\u00bb button_one_text_size__hover_enabled=\u00bboff\u00bb button_two_text_size__hover_enabled=\u00bboff\u00bb button_text_color__hover_enabled=\u00bboff\u00bb button_one_text_color__hover_enabled=\u00bboff\u00bb button_two_text_color__hover_enabled=\u00bboff\u00bb button_border_width__hover_enabled=\u00bboff\u00bb button_one_border_width__hover_enabled=\u00bboff\u00bb button_two_border_width__hover_enabled=\u00bboff\u00bb button_border_color__hover_enabled=\u00bboff\u00bb button_one_border_color__hover_enabled=\u00bboff\u00bb button_two_border_color__hover_enabled=\u00bboff\u00bb button_border_radius__hover_enabled=\u00bboff\u00bb button_one_border_radius__hover_enabled=\u00bboff\u00bb button_two_border_radius__hover_enabled=\u00bboff\u00bb button_letter_spacing__hover_enabled=\u00bbon\u00bb button_letter_spacing__hover=\u00bb1px\u00bb button_one_letter_spacing__hover_enabled=\u00bboff\u00bb button_two_letter_spacing__hover_enabled=\u00bboff\u00bb button_bg_color__hover_enabled=\u00bboff\u00bb button_one_bg_color__hover_enabled=\u00bboff\u00bb button_two_bg_color__hover_enabled=\u00bboff\u00bb][\/et_pb_button][\/et_pb_column][et_pb_column type=\u00bb1_2&#8243; _builder_version=\u00bb4.16&#8243; custom_padding=\u00bb|||\u00bb global_colors_info=\u00bb{}\u00bb custom_padding__hover=\u00bb|||\u00bb][\/et_pb_column][\/et_pb_row][\/et_pb_section][et_pb_section fb_built=\u00bb1&#8243; admin_label=\u00bbOnline Classes\u00bb _builder_version=\u00bb4.16&#8243; custom_padding=\u00bb5px|||||\u00bb global_colors_info=\u00bb{}\u00bb][\/et_pb_section]<\/p>\n","protected":false},"excerpt":{"rendered":"<p>\u00bfPor qu\u00e9 elegirnos? Hemos creado clases de espa\u00f1ol online que se adaptan a tu ritmo de vida, sin dramas ni dolores de cabeza. Ya sea que est\u00e9s en pijama en casa, tomando caf\u00e9 en una terraza o escondi\u00e9ndote de tus responsabilidades, nuestro programa \u201cAprende desde Casa\u201d est\u00e1 aqu\u00ed para ti. Con nosotros, aprender\u00e1s espa\u00f1ol de [&hellip;]<\/p>\n","protected":false},"author":1,"featured_media":0,"parent":0,"menu_order":0,"comment_status":"closed","ping_status":"closed","template":"","meta":{"_et_pb_use_builder":"on","_et_pb_old_content":"","_et_gb_content_width":"","footnotes":""},"class_list":["post-217","page","type-page","status-publish","hentry"],"_links":{"self":[{"href":"https:\/\/xn--conversacionenespaolonline-yrc.es\/en\/wp-json\/wp\/v2\/pages\/217","targetHints":{"allow":["GET"]}}],"collection":[{"href":"https:\/\/xn--conversacionenespaolonline-yrc.es\/en\/wp-json\/wp\/v2\/pages"}],"about":[{"href":"https:\/\/xn--conversacionenespaolonline-yrc.es\/en\/wp-json\/wp\/v2\/types\/page"}],"author":[{"embeddable":true,"href":"https:\/\/xn--conversacionenespaolonline-yrc.es\/en\/wp-json\/wp\/v2\/users\/1"}],"replies":[{"embeddable":true,"href":"https:\/\/xn--conversacionenespaolonline-yrc.es\/en\/wp-json\/wp\/v2\/comments?post=217"}],"version-history":[{"count":10,"href":"https:\/\/xn--conversacionenespaolonline-yrc.es\/en\/wp-json\/wp\/v2\/pages\/217\/revisions"}],"predecessor-version":[{"id":337,"href":"https:\/\/xn--conversacionenespaolonline-yrc.es\/en\/wp-json\/wp\/v2\/pages\/217\/revisions\/337"}],"wp:attachment":[{"href":"https:\/\/xn--conversacionenespaolonline-yrc.es\/en\/wp-json\/wp\/v2\/media?parent=217"}],"curies":[{"name":"wp","href":"https:\/\/api.w.org\/{rel}","templated":true}]}}